{"id":28518,"date":"2024-07-16T14:36:58","date_gmt":"2024-07-16T12:36:58","guid":{"rendered":"https:\/\/alexandreguillemain.com\/gallery\/exhibitions\/"},"modified":"2024-12-06T13:44:34","modified_gmt":"2024-12-06T12:44:34","slug":"exhibitions","status":"publish","type":"page","link":"https:\/\/alexandreguillemain.com\/en\/gallery\/exhibitions\/","title":{"rendered":"Exhibitions"},"content":{"rendered":"\t\t<div data-elementor-type=\"wp-page\" data-elementor-id=\"28518\" class=\"elementor elementor-28518 elementor-454\" data-elementor-post-type=\"page\">\n\t\t\t\t<div class=\"elementor-element elementor-element-09d408a e-flex e-con-boxed elementor-invisible e-con e-parent\" data-id=\"09d408a\" data-element_type=\"container\" data-e-type=\"container\" data-settings=\"{&quot;animation&quot;:&quot;fadeIn&quot;}\">\n\t\t\t\t\t<div class=\"e-con-inner\">\n\t\t\t\t<div class=\"elementor-element elementor-element-ed1fe26 elementor-widget__width-initial elementor-widget elementor-widget-heading\" data-id=\"ed1fe26\" data-element_type=\"widget\" data-e-type=\"widget\" data-widget_type=\"heading.default\">\n\t\t\t\t<div class=\"elementor-widget-container\">\n\t\t\t\t\t<h2 class=\"elementor-heading-title elementor-size-default\">26<br>JAN<\/h2>\t\t\t\t<\/div>\n\t\t\t\t<\/div>\n\t\t\t\t<div class=\"elementor-element elementor-element-34ad578 elementor-widget__width-auto elementor-widget elementor-widget-image\" data-id=\"34ad578\" data-element_type=\"widget\" data-e-type=\"widget\" data-widget_type=\"image.default\">\n\t\t\t\t<div class=\"elementor-widget-container\">\n\t\t\t\t\t\t\t\t\t\t\t\t\t\t\t<img fetchpriority=\"high\" decoding=\"async\" width=\"400\" height=\"666\" src=\"https:\/\/alexandreguillemain.com\/wp-content\/uploads\/\/Groupe_1\/1MOBILE_2634bcf1d56cae8a837d406335eee5d0.png\" class=\"attachment-large size-large wp-image-18159\" alt=\"\" srcset=\"https:\/\/alexandreguillemain.com\/wp-content\/uploads\/Groupe_1\/1MOBILE_2634bcf1d56cae8a837d406335eee5d0.png 400w, https:\/\/alexandreguillemain.com\/wp-content\/uploads\/Groupe_1\/1MOBILE_2634bcf1d56cae8a837d406335eee5d0-180x300.png 180w\" sizes=\"(max-width: 400px) 100vw, 400px\" \/>\t\t\t\t\t\t\t\t\t\t\t\t\t\t\t<\/div>\n\t\t\t\t<\/div>\n\t\t<div class=\"elementor-element elementor-element-6d20c63 e-con-full e-flex e-con e-child\" data-id=\"6d20c63\" data-element_type=\"container\" data-e-type=\"container\">\n\t\t\t\t<div class=\"elementor-element elementor-element-992745d elementor-widget elementor-widget-heading\" data-id=\"992745d\" data-element_type=\"widget\" data-e-type=\"widget\" data-widget_type=\"heading.default\">\n\t\t\t\t<div class=\"elementor-widget-container\">\n\t\t\t\t\t<h2 class=\"elementor-heading-title elementor-size-default\">EXHIBITION C\u00c9RAMIQUES MODERNES &gt; 28 JAN - 19 FEB 2022<\/h2>\t\t\t\t<\/div>\n\t\t\t\t<\/div>\n\t\t\t\t<div class=\"elementor-element elementor-element-5282fb5 elementor-widget elementor-widget-text-editor\" data-id=\"5282fb5\" data-element_type=\"widget\" data-e-type=\"widget\" data-widget_type=\"text-editor.default\">\n\t\t\t\t<div class=\"elementor-widget-container\">\n\t\t\t\t\t\t\t\t\t<p><strong>The Alexandre GUILLEMAIN Gallery is pleased to welcome you to the exhibition &#8220;C\u00e9ramiques modernes&#8221;.<\/strong><\/p>\n<p><strong>Exhibition from January 28 to February 19, 2022<\/strong><br \/>Alexandre GUILLEMAIN Gallery<br \/>18, rue Gu\u00e9n\u00e9gaud &#8211; Paris 6<br \/>Tuesday to Saturday 11 a.m. to 1 p.m. \/ 2 p.m. to 7 p.m.<\/p>\n\t\t\t\t\t\t\t\t<\/div>\n\t\t\t\t<\/div>\n\t\t\t\t<div class=\"elementor-element elementor-element-e618311 elementor-widget elementor-widget-text-editor\" data-id=\"e618311\" data-element_type=\"widget\" data-e-type=\"widget\" data-widget_type=\"text-editor.default\">\n\t\t\t\t<div class=\"elementor-widget-container\">\n\t\t\t\t\t\t\t\t\t<p>ALETH-MASSON Andr\u00e9<br \/>BAUD Andr\u00e9<br \/>BESSONE Marius &amp; Huguette<br \/>BORDERIE Andr\u00e9<br \/>CAPRON Roger<br \/>CARBONELL Guidette<br \/>CHAMBOST Pol<br \/>DEBLANDER Robert<br \/>DELFOSSE Barbara<br \/>DERVAL Jean<br \/>GATARD Denise<br \/>INNOCENTI Jacques<br \/>IVANOFF Vassil<br \/>JOLAIN Mado<br \/>JOUVE Georges<br \/>LERAT Jean &amp; Jacqueline<br \/>L\u00c9V\u00caQUE Michel<br \/>LURCAT Jean<br \/>PICAULT Robert<br \/>POUCHAIN Jacques<br \/>RAMIE Suzanne<br \/>ROZAY Andr\u00e9<br \/>RUELLAND Jacques &amp; Dani<br \/>SERRE Jacques &amp; Michelle<br \/>SZEKELY Pierre &amp; Vera<br \/>TIFFOCHE Gustave<br \/>VALENTIN Gilbert<br \/>VILAR Andr\u00e9e<\/p>\n\t\t\t\t\t\t\t\t<\/div>\n\t\t\t\t<\/div>\n\t\t\t\t<\/div>\n\t\t\t\t\t<\/div>\n\t\t\t\t<\/div>\n\t\t<div class=\"elementor-element elementor-element-4c7a4db e-flex e-con-boxed elementor-invisible e-con e-parent\" data-id=\"4c7a4db\" data-element_type=\"container\" data-e-type=\"container\" data-settings=\"{&quot;animation&quot;:&quot;fadeIn&quot;}\">\n\t\t\t\t\t<div class=\"e-con-inner\">\n\t\t\t\t<div class=\"elementor-element elementor-element-bea2887 elementor-widget__width-initial elementor-widget elementor-widget-heading\" data-id=\"bea2887\" data-element_type=\"widget\" data-e-type=\"widget\" data-widget_type=\"heading.default\">\n\t\t\t\t<div class=\"elementor-widget-container\">\n\t\t\t\t\t<h2 class=\"elementor-heading-title elementor-size-default\">26<br>OCT<\/h2>\t\t\t\t<\/div>\n\t\t\t\t<\/div>\n\t\t\t\t<div class=\"elementor-element elementor-element-c465ae6 elementor-widget__width-auto elementor-widget elementor-widget-image\" data-id=\"c465ae6\" data-element_type=\"widget\" data-e-type=\"widget\" data-widget_type=\"image.default\">\n\t\t\t\t<div class=\"elementor-widget-container\">\n\t\t\t\t\t\t\t\t\t\t\t\t\t\t\t\t<a href=\"https:\/\/vrbox.io\/tour\/5d790dcfc621ddoc1630639251\" target=\"_blank\">\n\t\t\t\t\t\t\t<img decoding=\"async\" width=\"800\" height=\"571\" src=\"https:\/\/alexandreguillemain.com\/wp-content\/uploads\/\/Groupe_1\/201910-APPARTEMENT-VISITE-EXPO.jpg\" class=\"attachment-large size-large wp-image-18160\" alt=\"\" srcset=\"https:\/\/alexandreguillemain.com\/wp-content\/uploads\/Groupe_1\/201910-APPARTEMENT-VISITE-EXPO.jpg 1024w, https:\/\/alexandreguillemain.com\/wp-content\/uploads\/Groupe_1\/201910-APPARTEMENT-VISITE-EXPO-300x214.jpg 300w, https:\/\/alexandreguillemain.com\/wp-content\/uploads\/Groupe_1\/201910-APPARTEMENT-VISITE-EXPO-768x548.jpg 768w, https:\/\/alexandreguillemain.com\/wp-content\/uploads\/Groupe_1\/201910-APPARTEMENT-VISITE-EXPO-600x428.jpg 600w\" sizes=\"(max-width: 800px) 100vw, 800px\" \/>\t\t\t\t\t\t\t\t<\/a>\n\t\t\t\t\t\t\t\t\t\t\t\t\t\t\t<\/div>\n\t\t\t\t<\/div>\n\t\t<div class=\"elementor-element elementor-element-163610d e-con-full e-flex e-con e-child\" data-id=\"163610d\" data-element_type=\"container\" data-e-type=\"container\">\n\t\t\t\t<div class=\"elementor-element elementor-element-b48c6ac elementor-widget elementor-widget-heading\" data-id=\"b48c6ac\" data-element_type=\"widget\" data-e-type=\"widget\" data-widget_type=\"heading.default\">\n\t\t\t\t<div class=\"elementor-widget-container\">\n\t\t\t\t\t<h2 class=\"elementor-heading-title elementor-size-default\">EXHIBITION \"L'APPARTEMENT D'UN COLLECTIONNEUR\" \/ VIRTUAL TOUR<\/h2>\t\t\t\t<\/div>\n\t\t\t\t<\/div>\n\t\t\t\t<div class=\"elementor-element elementor-element-53ddc9e elementor-widget elementor-widget-text-editor\" data-id=\"53ddc9e\" data-element_type=\"widget\" data-e-type=\"widget\" data-widget_type=\"text-editor.default\">\n\t\t\t\t<div class=\"elementor-widget-container\">\n\t\t\t\t\t\t\t\t\t<p><strong>Click on the picture to take a virtual tour of &#8220;L&#8217;Appartement d&#8217;un Collectionneur&#8221;<\/strong><\/p>\n\t\t\t\t\t\t\t\t<\/div>\n\t\t\t\t<\/div>\n\t\t\t\t<\/div>\n\t\t\t\t\t<\/div>\n\t\t\t\t<\/div>\n\t\t<div class=\"elementor-element elementor-element-696dad3 e-flex e-con-boxed elementor-invisible e-con e-parent\" data-id=\"696dad3\" data-element_type=\"container\" data-e-type=\"container\" data-settings=\"{&quot;animation&quot;:&quot;fadeIn&quot;}\">\n\t\t\t\t\t<div class=\"e-con-inner\">\n\t\t\t\t<div class=\"elementor-element elementor-element-3819720 elementor-widget__width-initial elementor-widget elementor-widget-heading\" data-id=\"3819720\" data-element_type=\"widget\" data-e-type=\"widget\" data-widget_type=\"heading.default\">\n\t\t\t\t<div class=\"elementor-widget-container\">\n\t\t\t\t\t<h2 class=\"elementor-heading-title elementor-size-default\">20<br>OCT<\/h2>\t\t\t\t<\/div>\n\t\t\t\t<\/div>\n\t\t\t\t<div class=\"elementor-element elementor-element-818c39a elementor-widget__width-auto elementor-widget elementor-widget-image\" data-id=\"818c39a\" data-element_type=\"widget\" data-e-type=\"widget\" data-widget_type=\"image.default\">\n\t\t\t\t<div class=\"elementor-widget-container\">\n\t\t\t\t\t\t\t\t\t\t\t\t\t\t\t<img decoding=\"async\" width=\"400\" height=\"546\" src=\"https:\/\/alexandreguillemain.com\/wp-content\/uploads\/\/Groupe_1\/2019-appartement-collectionneur_fe9e4975a024b697a05516ccd1b68968.jpg\" class=\"attachment-large size-large wp-image-18161\" alt=\"\" srcset=\"https:\/\/alexandreguillemain.com\/wp-content\/uploads\/Groupe_1\/2019-appartement-collectionneur_fe9e4975a024b697a05516ccd1b68968.jpg 400w, https:\/\/alexandreguillemain.com\/wp-content\/uploads\/Groupe_1\/2019-appartement-collectionneur_fe9e4975a024b697a05516ccd1b68968-220x300.jpg 220w\" sizes=\"(max-width: 400px) 100vw, 400px\" \/>\t\t\t\t\t\t\t\t\t\t\t\t\t\t\t<\/div>\n\t\t\t\t<\/div>\n\t\t<div class=\"elementor-element elementor-element-22151b3 e-con-full e-flex e-con e-child\" data-id=\"22151b3\" data-element_type=\"container\" data-e-type=\"container\">\n\t\t\t\t<div class=\"elementor-element elementor-element-cdb006d elementor-widget elementor-widget-heading\" data-id=\"cdb006d\" data-element_type=\"widget\" data-e-type=\"widget\" data-widget_type=\"heading.default\">\n\t\t\t\t<div class=\"elementor-widget-container\">\n\t\t\t\t\t<h2 class=\"elementor-heading-title elementor-size-default\">EXHIBITION L'APPARTEMENT D'UN COLL... &gt; 20 SEPT - 26 OCT 2019<\/h2>\t\t\t\t<\/div>\n\t\t\t\t<\/div>\n\t\t\t\t<div class=\"elementor-element elementor-element-2af5d18 elementor-widget elementor-widget-text-editor\" data-id=\"2af5d18\" data-element_type=\"widget\" data-e-type=\"widget\" data-widget_type=\"text-editor.default\">\n\t\t\t\t<div class=\"elementor-widget-container\">\n\t\t\t\t\t\t\t\t\t<p><strong>The Alexandre GUILLEMAIN Gallery is pleased to welcome you to the exhibition &#8220;L&#8217;Appartement d&#8217;un Collectionneur&#8221;.<\/strong><\/p>\n<p><strong>Exhibition from September 20 to October 26, 2019<\/strong><br \/>Alexandre GUILLEMAIN Gallery<br \/>35, rue Gu\u00e9n\u00e9gaud &#8211; Paris 6<br \/>Tuesday to Saturday 11 a.m. to 1 p.m. \/ 2 p.m. to 7 p.m.<\/p>\n<p>This September, the Galerie Alexandre Guillemain is transformed into a real design collector&#8217;s apartment and invites you to enter successively the living room, the dining room, the office, the library or even the bedroom of a fantasy place, where the greatest names in the history of decorative arts rub shoulders. The staging imagined for the occasion combines the leading modernist designers of the Galerie Alexandre Guillemain (George Nakashima, Vladimir Kagan, Charlotte Perriand, etc.) with the most unexpected pieces from major creators of the 1980s and 1990s (Ettore Sottsass, Martin Szekely, Andr\u00e9 Branzi, etc.).<br \/>Isn\u2019t the aim of a collection to establish, in a common space, a dialogue between the objects that compose it in order to reveal its meaning? The exhibition thus seeks to touch as closely as possible the dream of every collector, which would be to create a collection (to experience!), reflecting a history of design interpreted to one&#8217;s taste. It is also an opportunity for La Galerie to question its role with collectors, which for almost 20 years has combined selection, promotion, advice and contextualization of the works it presents.<\/p>\n\t\t\t\t\t\t\t\t<\/div>\n\t\t\t\t<\/div>\n\t\t\t\t<\/div>\n\t\t\t\t\t<\/div>\n\t\t\t\t<\/div>\n\t\t<div class=\"elementor-element elementor-element-c1f2d12 e-flex e-con-boxed elementor-invisible e-con e-parent\" data-id=\"c1f2d12\" data-element_type=\"container\" data-e-type=\"container\" data-settings=\"{&quot;animation&quot;:&quot;fadeIn&quot;}\">\n\t\t\t\t\t<div class=\"e-con-inner\">\n\t\t\t\t<div class=\"elementor-element elementor-element-df7ce16 elementor-widget__width-initial elementor-widget elementor-widget-heading\" data-id=\"df7ce16\" data-element_type=\"widget\" data-e-type=\"widget\" data-widget_type=\"heading.default\">\n\t\t\t\t<div class=\"elementor-widget-container\">\n\t\t\t\t\t<h2 class=\"elementor-heading-title elementor-size-default\">19<br>OCT<\/h2>\t\t\t\t<\/div>\n\t\t\t\t<\/div>\n\t\t\t\t<div class=\"elementor-element elementor-element-f1eeabd elementor-widget__width-auto elementor-widget elementor-widget-image\" data-id=\"f1eeabd\" data-element_type=\"widget\" data-e-type=\"widget\" data-widget_type=\"image.default\">\n\t\t\t\t<div class=\"elementor-widget-container\">\n\t\t\t\t\t\t\t\t\t\t\t\t\t\t\t\t<a href=\"https:\/\/vrbox.io\/tour\/5d790dcfc621ddoc1630639251\" target=\"_blank\">\n\t\t\t\t\t\t\t<img loading=\"lazy\" decoding=\"async\" width=\"800\" height=\"496\" src=\"https:\/\/alexandreguillemain.com\/wp-content\/uploads\/\/Groupe_1\/2019_PAD_LONDON_GUILLEMAIN-1024x635.jpg\" class=\"attachment-large size-large wp-image-18162\" alt=\"\" srcset=\"https:\/\/alexandreguillemain.com\/wp-content\/uploads\/Groupe_1\/2019_PAD_LONDON_GUILLEMAIN-1024x635.jpg 1024w, https:\/\/alexandreguillemain.com\/wp-content\/uploads\/Groupe_1\/2019_PAD_LONDON_GUILLEMAIN-300x186.jpg 300w, https:\/\/alexandreguillemain.com\/wp-content\/uploads\/Groupe_1\/2019_PAD_LONDON_GUILLEMAIN-768x476.jpg 768w, https:\/\/alexandreguillemain.com\/wp-content\/uploads\/Groupe_1\/2019_PAD_LONDON_GUILLEMAIN-600x372.jpg 600w, https:\/\/alexandreguillemain.com\/wp-content\/uploads\/Groupe_1\/2019_PAD_LONDON_GUILLEMAIN.jpg 1200w\" sizes=\"(max-width: 800px) 100vw, 800px\" \/>\t\t\t\t\t\t\t\t<\/a>\n\t\t\t\t\t\t\t\t\t\t\t\t\t\t\t<\/div>\n\t\t\t\t<\/div>\n\t\t<div class=\"elementor-element elementor-element-6138469 e-con-full e-flex e-con e-child\" data-id=\"6138469\" data-element_type=\"container\" data-e-type=\"container\">\n\t\t\t\t<div class=\"elementor-element elementor-element-ec2faef elementor-widget elementor-widget-heading\" data-id=\"ec2faef\" data-element_type=\"widget\" data-e-type=\"widget\" data-widget_type=\"heading.default\">\n\t\t\t\t<div class=\"elementor-widget-container\">\n\t\t\t\t\t<h2 class=\"elementor-heading-title elementor-size-default\">PAD LONDON 2019 \/ VIRTUAL TOUR<\/h2>\t\t\t\t<\/div>\n\t\t\t\t<\/div>\n\t\t\t\t<div class=\"elementor-element elementor-element-8a2c7e0 elementor-widget elementor-widget-text-editor\" data-id=\"8a2c7e0\" data-element_type=\"widget\" data-e-type=\"widget\" data-widget_type=\"text-editor.default\">\n\t\t\t\t<div class=\"elementor-widget-container\">\n\t\t\t\t\t\t\t\t\t<p><strong>Click on the picture to take a virtual tour of the Galerie Alexandre Guillemain booth<\/strong><\/p>\n\t\t\t\t\t\t\t\t<\/div>\n\t\t\t\t<\/div>\n\t\t\t\t<\/div>\n\t\t\t\t\t<\/div>\n\t\t\t\t<\/div>\n\t\t\t\t<\/div>\n\t\t","protected":false},"excerpt":{"rendered":"<p>26JAN EXHIBITION C\u00c9RAMIQUES MODERNES &gt; 28 JAN &#8211; 19 FEB 2022 The Alexandre GUILLEMAIN Gallery is pleased to welcome you to the exhibition &#8220;C\u00e9ramiques modernes&#8221;. Exhibition from January 28 to February 19, 2022Alexandre GUILLEMAIN Gallery18, rue Gu\u00e9n\u00e9gaud &#8211; Paris 6Tuesday to Saturday 11 a.m. to 1 p.m. \/ 2 p.m. to 7 p.m. ALETH-MASSON Andr\u00e9BAUD [&hellip;]<\/p>\n","protected":false},"author":1,"featured_media":0,"parent":28514,"menu_order":0,"comment_status":"closed","ping_status":"closed","template":"","meta":{"footnotes":""},"class_list":["post-28518","page","type-page","status-publish","hentry"],"yoast_head":"<!-- This site is optimized with the Yoast SEO plugin v27.3 - https:\/\/yoast.com\/product\/yoast-seo-wordpress\/ -->\n<title>Exhibitions - Alexandre Guillemain<\/title>\n<meta name=\"robots\" content=\"index, follow, max-snippet:-1, max-image-preview:large, max-video-preview:-1\" \/>\n<link rel=\"canonical\" href=\"https:\/\/alexandreguillemain.com\/en\/gallery\/exhibitions\/\" \/>\n<meta property=\"og:locale\" content=\"en_US\" \/>\n<meta property=\"og:type\" content=\"article\" \/>\n<meta property=\"og:title\" content=\"Exhibitions - Alexandre Guillemain\" \/>\n<meta property=\"og:description\" content=\"26JAN EXHIBITION C\u00c9RAMIQUES MODERNES &gt; 28 JAN &#8211; 19 FEB 2022 The Alexandre GUILLEMAIN Gallery is pleased to welcome you to the exhibition &#8220;C\u00e9ramiques modernes&#8221;. Exhibition from January 28 to February 19, 2022Alexandre GUILLEMAIN Gallery18, rue Gu\u00e9n\u00e9gaud &#8211; Paris 6Tuesday to Saturday 11 a.m. to 1 p.m. \/ 2 p.m. to 7 p.m. ALETH-MASSON Andr\u00e9BAUD [&hellip;]\" \/>\n<meta property=\"og:url\" content=\"https:\/\/alexandreguillemain.com\/en\/gallery\/exhibitions\/\" \/>\n<meta property=\"og:site_name\" content=\"Alexandre Guillemain\" \/>\n<meta property=\"article:modified_time\" content=\"2024-12-06T12:44:34+00:00\" \/>\n<meta property=\"og:image\" content=\"https:\/\/alexandreguillemain.com\/wp-content\/uploads\/\/Groupe_1\/1MOBILE_2634bcf1d56cae8a837d406335eee5d0.png\" \/>\n\t<meta property=\"og:image:width\" content=\"400\" \/>\n\t<meta property=\"og:image:height\" content=\"666\" \/>\n\t<meta property=\"og:image:type\" content=\"image\/png\" \/>\n<meta name=\"twitter:card\" content=\"summary_large_image\" \/>\n<meta name=\"twitter:label1\" content=\"Est. reading time\" \/>\n\t<meta name=\"twitter:data1\" content=\"2 minutes\" \/>\n<script type=\"application\/ld+json\" class=\"yoast-schema-graph\">{\"@context\":\"https:\\\/\\\/schema.org\",\"@graph\":[{\"@type\":\"WebPage\",\"@id\":\"https:\\\/\\\/alexandreguillemain.com\\\/en\\\/gallery\\\/exhibitions\\\/\",\"url\":\"https:\\\/\\\/alexandreguillemain.com\\\/en\\\/gallery\\\/exhibitions\\\/\",\"name\":\"Exhibitions - Alexandre Guillemain\",\"isPartOf\":{\"@id\":\"https:\\\/\\\/alexandreguillemain.com\\\/en\\\/#website\"},\"primaryImageOfPage\":{\"@id\":\"https:\\\/\\\/alexandreguillemain.com\\\/en\\\/gallery\\\/exhibitions\\\/#primaryimage\"},\"image\":{\"@id\":\"https:\\\/\\\/alexandreguillemain.com\\\/en\\\/gallery\\\/exhibitions\\\/#primaryimage\"},\"thumbnailUrl\":\"https:\\\/\\\/alexandreguillemain.com\\\/wp-content\\\/uploads\\\/\\\/Groupe_1\\\/1MOBILE_2634bcf1d56cae8a837d406335eee5d0.png\",\"datePublished\":\"2024-07-16T12:36:58+00:00\",\"dateModified\":\"2024-12-06T12:44:34+00:00\",\"breadcrumb\":{\"@id\":\"https:\\\/\\\/alexandreguillemain.com\\\/en\\\/gallery\\\/exhibitions\\\/#breadcrumb\"},\"inLanguage\":\"en-US\",\"potentialAction\":[{\"@type\":\"ReadAction\",\"target\":[\"https:\\\/\\\/alexandreguillemain.com\\\/en\\\/gallery\\\/exhibitions\\\/\"]}]},{\"@type\":\"ImageObject\",\"inLanguage\":\"en-US\",\"@id\":\"https:\\\/\\\/alexandreguillemain.com\\\/en\\\/gallery\\\/exhibitions\\\/#primaryimage\",\"url\":\"https:\\\/\\\/alexandreguillemain.com\\\/wp-content\\\/uploads\\\/\\\/Groupe_1\\\/1MOBILE_2634bcf1d56cae8a837d406335eee5d0.png\",\"contentUrl\":\"https:\\\/\\\/alexandreguillemain.com\\\/wp-content\\\/uploads\\\/\\\/Groupe_1\\\/1MOBILE_2634bcf1d56cae8a837d406335eee5d0.png\"},{\"@type\":\"BreadcrumbList\",\"@id\":\"https:\\\/\\\/alexandreguillemain.com\\\/en\\\/gallery\\\/exhibitions\\\/#breadcrumb\",\"itemListElement\":[{\"@type\":\"ListItem\",\"position\":1,\"name\":\"Accueil\",\"item\":\"https:\\\/\\\/alexandreguillemain.com\\\/en\\\/\"},{\"@type\":\"ListItem\",\"position\":2,\"name\":\"Gallery\",\"item\":\"https:\\\/\\\/alexandreguillemain.com\\\/en\\\/gallery\\\/\"},{\"@type\":\"ListItem\",\"position\":3,\"name\":\"Exhibitions\"}]},{\"@type\":\"WebSite\",\"@id\":\"https:\\\/\\\/alexandreguillemain.com\\\/en\\\/#website\",\"url\":\"https:\\\/\\\/alexandreguillemain.com\\\/en\\\/\",\"name\":\"Galerie Alexandre Guillemain\",\"description\":\"\",\"publisher\":{\"@id\":\"https:\\\/\\\/alexandreguillemain.com\\\/en\\\/#organization\"},\"potentialAction\":[{\"@type\":\"SearchAction\",\"target\":{\"@type\":\"EntryPoint\",\"urlTemplate\":\"https:\\\/\\\/alexandreguillemain.com\\\/en\\\/?s={search_term_string}\"},\"query-input\":{\"@type\":\"PropertyValueSpecification\",\"valueRequired\":true,\"valueName\":\"search_term_string\"}}],\"inLanguage\":\"en-US\"},{\"@type\":\"Organization\",\"@id\":\"https:\\\/\\\/alexandreguillemain.com\\\/en\\\/#organization\",\"name\":\"Galerie Alexandre Guillemain\",\"url\":\"https:\\\/\\\/alexandreguillemain.com\\\/en\\\/\",\"logo\":{\"@type\":\"ImageObject\",\"inLanguage\":\"en-US\",\"@id\":\"https:\\\/\\\/alexandreguillemain.com\\\/en\\\/#\\\/schema\\\/logo\\\/image\\\/\",\"url\":\"https:\\\/\\\/alexandreguillemain.com\\\/wp-content\\\/uploads\\\/Alexandre_Guillemain-Logo_gallerie.svg\",\"contentUrl\":\"https:\\\/\\\/alexandreguillemain.com\\\/wp-content\\\/uploads\\\/Alexandre_Guillemain-Logo_gallerie.svg\",\"width\":63,\"height\":76,\"caption\":\"Galerie Alexandre Guillemain\"},\"image\":{\"@id\":\"https:\\\/\\\/alexandreguillemain.com\\\/en\\\/#\\\/schema\\\/logo\\\/image\\\/\"}}]}<\/script>\n<!-- \/ Yoast SEO plugin. -->","yoast_head_json":{"title":"Exhibitions - Alexandre Guillemain","robots":{"index":"index","follow":"follow","max-snippet":"max-snippet:-1","max-image-preview":"max-image-preview:large","max-video-preview":"max-video-preview:-1"},"canonical":"https:\/\/alexandreguillemain.com\/en\/gallery\/exhibitions\/","og_locale":"en_US","og_type":"article","og_title":"Exhibitions - Alexandre Guillemain","og_description":"26JAN EXHIBITION C\u00c9RAMIQUES MODERNES &gt; 28 JAN &#8211; 19 FEB 2022 The Alexandre GUILLEMAIN Gallery is pleased to welcome you to the exhibition &#8220;C\u00e9ramiques modernes&#8221;. Exhibition from January 28 to February 19, 2022Alexandre GUILLEMAIN Gallery18, rue Gu\u00e9n\u00e9gaud &#8211; Paris 6Tuesday to Saturday 11 a.m. to 1 p.m. \/ 2 p.m. to 7 p.m. ALETH-MASSON Andr\u00e9BAUD [&hellip;]","og_url":"https:\/\/alexandreguillemain.com\/en\/gallery\/exhibitions\/","og_site_name":"Alexandre Guillemain","article_modified_time":"2024-12-06T12:44:34+00:00","og_image":[{"width":400,"height":666,"url":"https:\/\/alexandreguillemain.com\/wp-content\/uploads\/\/Groupe_1\/1MOBILE_2634bcf1d56cae8a837d406335eee5d0.png","type":"image\/png"}],"twitter_card":"summary_large_image","twitter_misc":{"Est. reading time":"2 minutes"},"schema":{"@context":"https:\/\/schema.org","@graph":[{"@type":"WebPage","@id":"https:\/\/alexandreguillemain.com\/en\/gallery\/exhibitions\/","url":"https:\/\/alexandreguillemain.com\/en\/gallery\/exhibitions\/","name":"Exhibitions - Alexandre Guillemain","isPartOf":{"@id":"https:\/\/alexandreguillemain.com\/en\/#website"},"primaryImageOfPage":{"@id":"https:\/\/alexandreguillemain.com\/en\/gallery\/exhibitions\/#primaryimage"},"image":{"@id":"https:\/\/alexandreguillemain.com\/en\/gallery\/exhibitions\/#primaryimage"},"thumbnailUrl":"https:\/\/alexandreguillemain.com\/wp-content\/uploads\/\/Groupe_1\/1MOBILE_2634bcf1d56cae8a837d406335eee5d0.png","datePublished":"2024-07-16T12:36:58+00:00","dateModified":"2024-12-06T12:44:34+00:00","breadcrumb":{"@id":"https:\/\/alexandreguillemain.com\/en\/gallery\/exhibitions\/#breadcrumb"},"inLanguage":"en-US","potentialAction":[{"@type":"ReadAction","target":["https:\/\/alexandreguillemain.com\/en\/gallery\/exhibitions\/"]}]},{"@type":"ImageObject","inLanguage":"en-US","@id":"https:\/\/alexandreguillemain.com\/en\/gallery\/exhibitions\/#primaryimage","url":"https:\/\/alexandreguillemain.com\/wp-content\/uploads\/\/Groupe_1\/1MOBILE_2634bcf1d56cae8a837d406335eee5d0.png","contentUrl":"https:\/\/alexandreguillemain.com\/wp-content\/uploads\/\/Groupe_1\/1MOBILE_2634bcf1d56cae8a837d406335eee5d0.png"},{"@type":"BreadcrumbList","@id":"https:\/\/alexandreguillemain.com\/en\/gallery\/exhibitions\/#breadcrumb","itemListElement":[{"@type":"ListItem","position":1,"name":"Accueil","item":"https:\/\/alexandreguillemain.com\/en\/"},{"@type":"ListItem","position":2,"name":"Gallery","item":"https:\/\/alexandreguillemain.com\/en\/gallery\/"},{"@type":"ListItem","position":3,"name":"Exhibitions"}]},{"@type":"WebSite","@id":"https:\/\/alexandreguillemain.com\/en\/#website","url":"https:\/\/alexandreguillemain.com\/en\/","name":"Galerie Alexandre Guillemain","description":"","publisher":{"@id":"https:\/\/alexandreguillemain.com\/en\/#organization"},"potentialAction":[{"@type":"SearchAction","target":{"@type":"EntryPoint","urlTemplate":"https:\/\/alexandreguillemain.com\/en\/?s={search_term_string}"},"query-input":{"@type":"PropertyValueSpecification","valueRequired":true,"valueName":"search_term_string"}}],"inLanguage":"en-US"},{"@type":"Organization","@id":"https:\/\/alexandreguillemain.com\/en\/#organization","name":"Galerie Alexandre Guillemain","url":"https:\/\/alexandreguillemain.com\/en\/","logo":{"@type":"ImageObject","inLanguage":"en-US","@id":"https:\/\/alexandreguillemain.com\/en\/#\/schema\/logo\/image\/","url":"https:\/\/alexandreguillemain.com\/wp-content\/uploads\/Alexandre_Guillemain-Logo_gallerie.svg","contentUrl":"https:\/\/alexandreguillemain.com\/wp-content\/uploads\/Alexandre_Guillemain-Logo_gallerie.svg","width":63,"height":76,"caption":"Galerie Alexandre Guillemain"},"image":{"@id":"https:\/\/alexandreguillemain.com\/en\/#\/schema\/logo\/image\/"}}]}},"_links":{"self":[{"href":"https:\/\/alexandreguillemain.com\/en\/wp-json\/wp\/v2\/pages\/28518","targetHints":{"allow":["GET"]}}],"collection":[{"href":"https:\/\/alexandreguillemain.com\/en\/wp-json\/wp\/v2\/pages"}],"about":[{"href":"https:\/\/alexandreguillemain.com\/en\/wp-json\/wp\/v2\/types\/page"}],"author":[{"embeddable":true,"href":"https:\/\/alexandreguillemain.com\/en\/wp-json\/wp\/v2\/users\/1"}],"replies":[{"embeddable":true,"href":"https:\/\/alexandreguillemain.com\/en\/wp-json\/wp\/v2\/comments?post=28518"}],"version-history":[{"count":1,"href":"https:\/\/alexandreguillemain.com\/en\/wp-json\/wp\/v2\/pages\/28518\/revisions"}],"predecessor-version":[{"id":28519,"href":"https:\/\/alexandreguillemain.com\/en\/wp-json\/wp\/v2\/pages\/28518\/revisions\/28519"}],"up":[{"embeddable":true,"href":"https:\/\/alexandreguillemain.com\/en\/wp-json\/wp\/v2\/pages\/28514"}],"wp:attachment":[{"href":"https:\/\/alexandreguillemain.com\/en\/wp-json\/wp\/v2\/media?parent=28518"}],"curies":[{"name":"wp","href":"https:\/\/api.w.org\/{rel}","templated":true}]}}