{"id":28989,"date":"2024-08-28T16:29:09","date_gmt":"2024-08-28T14:29:09","guid":{"rendered":"https:\/\/alexandreguillemain.com\/?post_type=product&#038;p=28989"},"modified":"2025-03-14T17:47:39","modified_gmt":"2025-03-14T16:47:39","slug":"tabouret-champ-alexandre-guillemain-frene-chene","status":"publish","type":"product","link":"https:\/\/alexandreguillemain.com\/en\/product\/tabouret-champ-alexandre-guillemain-frene-chene\/","title":{"rendered":"Tabouret CHAMP"},"content":{"rendered":"<p>Tabouret en fr\u00eane massif teint\u00e9 et verni ou en ch\u00eane naturel.<\/p>\n<p>Dimensions: H.0,45 m x D.0.38m<br \/>\nExiste en 3 finitions : teint\u00e9 noir, weng\u00e9 ou ch\u00eane naturel.<br \/>\nPossibilit\u00e9 de sur mesure \u00e0 la demande<\/p>\n<p>Le prix affich\u00e9 s&#8217;entend hors tissu, m\u00e9trage n\u00e9cessaire 1 m\u00e8tre.<\/p>\n<p>D\u00e9lai de fabrication : 8 \u00e0 16 semaines en fonction du tissu s\u00e9lectionn\u00e9.<\/p>\n","protected":false},"excerpt":{"rendered":"<p>Tabouret en fr\u00eane massif teint\u00e9 et verni ou en ch\u00eane naturel. Dimensions: H.0,45 m x D.0.38m Existe en 3 finitions : teint\u00e9 noir, weng\u00e9 ou ch\u00eane naturel. Possibilit\u00e9 de sur mesure \u00e0 la demande Le prix affich\u00e9 s&#8217;entend hors tissu, m\u00e9trage n\u00e9cessaire 1 m\u00e8tre. D\u00e9lai de fabrication : 8 \u00e0 16 semaines en fonction du [&hellip;]<\/p>\n","protected":false},"featured_media":29015,"comment_status":"closed","ping_status":"closed","template":"","meta":[],"product_brand":[],"product_cat":[472],"product_tag":[673],"class_list":{"0":"post-28989","1":"product","2":"type-product","3":"status-publish","4":"has-post-thumbnail","6":"product_cat-non-classe","7":"product_tag-tabouret","9":"first","10":"instock","11":"taxable","12":"shipping-taxable","13":"purchasable","14":"product-type-variable"},"yoast_head":"<!-- This site is optimized with the Yoast SEO plugin v27.2 - https:\/\/yoast.com\/product\/yoast-seo-wordpress\/ -->\n<title>Tabouret CHAMP - Alexandre Guillemain<\/title>\n<meta name=\"description\" content=\"tabouret CHAMP en fr\u00eane teint\u00e9 ou ch\u00eane naturel, possibilit\u00e9 de sur-mesure, d\u00e9lais de fabrication 6 semaines, collection Alexandre Guillemain\" \/>\n<meta name=\"robots\" content=\"index, follow, max-snippet:-1, max-image-preview:large, max-video-preview:-1\" \/>\n<link rel=\"canonical\" href=\"https:\/\/alexandreguillemain.com\/en\/product\/tabouret-champ-alexandre-guillemain-frene-chene\/\" \/>\n<meta property=\"og:locale\" content=\"en_US\" \/>\n<meta property=\"og:type\" content=\"article\" \/>\n<meta property=\"og:title\" content=\"Tabouret CHAMP - Alexandre Guillemain\" \/>\n<meta property=\"og:description\" content=\"tabouret CHAMP en fr\u00eane teint\u00e9 ou ch\u00eane naturel, possibilit\u00e9 de sur-mesure, d\u00e9lais de fabrication 6 semaines, collection Alexandre Guillemain\" \/>\n<meta property=\"og:url\" content=\"https:\/\/alexandreguillemain.com\/en\/product\/tabouret-champ-alexandre-guillemain-frene-chene\/\" \/>\n<meta property=\"og:site_name\" content=\"Alexandre Guillemain\" \/>\n<meta property=\"article:modified_time\" content=\"2025-03-14T16:47:39+00:00\" \/>\n<meta property=\"og:image\" content=\"https:\/\/alexandreguillemain.com\/wp-content\/uploads\/2024\/08\/tabouret-CHAMP-alexandre-Guillemain-Collection-2.jpg\" \/>\n\t<meta property=\"og:image:width\" content=\"1333\" \/>\n\t<meta property=\"og:image:height\" content=\"2000\" \/>\n\t<meta property=\"og:image:type\" content=\"image\/jpeg\" \/>\n<meta name=\"twitter:card\" content=\"summary_large_image\" \/>\n<meta name=\"twitter:label1\" content=\"Est. reading time\" \/>\n\t<meta name=\"twitter:data1\" content=\"1 minute\" \/>\n<script type=\"application\/ld+json\" class=\"yoast-schema-graph\">{\"@context\":\"https:\/\/schema.org\",\"@graph\":[{\"@type\":\"WebPage\",\"@id\":\"https:\/\/alexandreguillemain.com\/en\/product\/tabouret-champ-alexandre-guillemain-frene-chene\/\",\"url\":\"https:\/\/alexandreguillemain.com\/en\/product\/tabouret-champ-alexandre-guillemain-frene-chene\/\",\"name\":\"Tabouret CHAMP - Alexandre Guillemain\",\"isPartOf\":{\"@id\":\"https:\/\/alexandreguillemain.com\/en\/#website\"},\"primaryImageOfPage\":{\"@id\":\"https:\/\/alexandreguillemain.com\/en\/product\/tabouret-champ-alexandre-guillemain-frene-chene\/#primaryimage\"},\"image\":{\"@id\":\"https:\/\/alexandreguillemain.com\/en\/product\/tabouret-champ-alexandre-guillemain-frene-chene\/#primaryimage\"},\"thumbnailUrl\":\"https:\/\/alexandreguillemain.com\/wp-content\/uploads\/2024\/08\/tabouret-CHAMP-alexandre-Guillemain-Collection-2.jpg\",\"datePublished\":\"2024-08-28T14:29:09+00:00\",\"dateModified\":\"2025-03-14T16:47:39+00:00\",\"description\":\"tabouret CHAMP en fr\u00eane teint\u00e9 ou ch\u00eane naturel, possibilit\u00e9 de sur-mesure, d\u00e9lais de fabrication 6 semaines, collection Alexandre Guillemain\",\"breadcrumb\":{\"@id\":\"https:\/\/alexandreguillemain.com\/en\/product\/tabouret-champ-alexandre-guillemain-frene-chene\/#breadcrumb\"},\"inLanguage\":\"en-US\",\"potentialAction\":[{\"@type\":\"ReadAction\",\"target\":[\"https:\/\/alexandreguillemain.com\/en\/product\/tabouret-champ-alexandre-guillemain-frene-chene\/\"]}]},{\"@type\":\"ImageObject\",\"inLanguage\":\"en-US\",\"@id\":\"https:\/\/alexandreguillemain.com\/en\/product\/tabouret-champ-alexandre-guillemain-frene-chene\/#primaryimage\",\"url\":\"https:\/\/alexandreguillemain.com\/wp-content\/uploads\/2024\/08\/tabouret-CHAMP-alexandre-Guillemain-Collection-2.jpg\",\"contentUrl\":\"https:\/\/alexandreguillemain.com\/wp-content\/uploads\/2024\/08\/tabouret-CHAMP-alexandre-Guillemain-Collection-2.jpg\",\"width\":1333,\"height\":2000},{\"@type\":\"BreadcrumbList\",\"@id\":\"https:\/\/alexandreguillemain.com\/en\/product\/tabouret-champ-alexandre-guillemain-frene-chene\/#breadcrumb\",\"itemListElement\":[{\"@type\":\"ListItem\",\"position\":1,\"name\":\"Accueil\",\"item\":\"https:\/\/alexandreguillemain.com\/en\/\"},{\"@type\":\"ListItem\",\"position\":2,\"name\":\"Design\",\"item\":\"https:\/\/alexandreguillemain.com\/en\/design\/\"},{\"@type\":\"ListItem\",\"position\":3,\"name\":\"Tabouret CHAMP\"}]},{\"@type\":\"WebSite\",\"@id\":\"https:\/\/alexandreguillemain.com\/en\/#website\",\"url\":\"https:\/\/alexandreguillemain.com\/en\/\",\"name\":\"Galerie Alexandre Guillemain\",\"description\":\"\",\"publisher\":{\"@id\":\"https:\/\/alexandreguillemain.com\/en\/#organization\"},\"potentialAction\":[{\"@type\":\"SearchAction\",\"target\":{\"@type\":\"EntryPoint\",\"urlTemplate\":\"https:\/\/alexandreguillemain.com\/en\/?s={search_term_string}\"},\"query-input\":{\"@type\":\"PropertyValueSpecification\",\"valueRequired\":true,\"valueName\":\"search_term_string\"}}],\"inLanguage\":\"en-US\"},{\"@type\":\"Organization\",\"@id\":\"https:\/\/alexandreguillemain.com\/en\/#organization\",\"name\":\"Galerie Alexandre Guillemain\",\"url\":\"https:\/\/alexandreguillemain.com\/en\/\",\"logo\":{\"@type\":\"ImageObject\",\"inLanguage\":\"en-US\",\"@id\":\"https:\/\/alexandreguillemain.com\/en\/#\/schema\/logo\/image\/\",\"url\":\"https:\/\/alexandreguillemain.com\/wp-content\/uploads\/Alexandre_Guillemain-Logo_gallerie.svg\",\"contentUrl\":\"https:\/\/alexandreguillemain.com\/wp-content\/uploads\/Alexandre_Guillemain-Logo_gallerie.svg\",\"width\":63,\"height\":76,\"caption\":\"Galerie Alexandre Guillemain\"},\"image\":{\"@id\":\"https:\/\/alexandreguillemain.com\/en\/#\/schema\/logo\/image\/\"}}]}<\/script>\n<!-- \/ Yoast SEO plugin. -->","yoast_head_json":{"title":"Tabouret CHAMP - Alexandre Guillemain","description":"tabouret CHAMP en fr\u00eane teint\u00e9 ou ch\u00eane naturel, possibilit\u00e9 de sur-mesure, d\u00e9lais de fabrication 6 semaines, collection Alexandre Guillemain","robots":{"index":"index","follow":"follow","max-snippet":"max-snippet:-1","max-image-preview":"max-image-preview:large","max-video-preview":"max-video-preview:-1"},"canonical":"https:\/\/alexandreguillemain.com\/en\/product\/tabouret-champ-alexandre-guillemain-frene-chene\/","og_locale":"en_US","og_type":"article","og_title":"Tabouret CHAMP - Alexandre Guillemain","og_description":"tabouret CHAMP en fr\u00eane teint\u00e9 ou ch\u00eane naturel, possibilit\u00e9 de sur-mesure, d\u00e9lais de fabrication 6 semaines, collection Alexandre Guillemain","og_url":"https:\/\/alexandreguillemain.com\/en\/product\/tabouret-champ-alexandre-guillemain-frene-chene\/","og_site_name":"Alexandre Guillemain","article_modified_time":"2025-03-14T16:47:39+00:00","og_image":[{"width":1333,"height":2000,"url":"https:\/\/alexandreguillemain.com\/wp-content\/uploads\/2024\/08\/tabouret-CHAMP-alexandre-Guillemain-Collection-2.jpg","type":"image\/jpeg"}],"twitter_card":"summary_large_image","twitter_misc":{"Est. reading time":"1 minute"},"schema":{"@context":"https:\/\/schema.org","@graph":[{"@type":"WebPage","@id":"https:\/\/alexandreguillemain.com\/en\/product\/tabouret-champ-alexandre-guillemain-frene-chene\/","url":"https:\/\/alexandreguillemain.com\/en\/product\/tabouret-champ-alexandre-guillemain-frene-chene\/","name":"Tabouret CHAMP - Alexandre Guillemain","isPartOf":{"@id":"https:\/\/alexandreguillemain.com\/en\/#website"},"primaryImageOfPage":{"@id":"https:\/\/alexandreguillemain.com\/en\/product\/tabouret-champ-alexandre-guillemain-frene-chene\/#primaryimage"},"image":{"@id":"https:\/\/alexandreguillemain.com\/en\/product\/tabouret-champ-alexandre-guillemain-frene-chene\/#primaryimage"},"thumbnailUrl":"https:\/\/alexandreguillemain.com\/wp-content\/uploads\/2024\/08\/tabouret-CHAMP-alexandre-Guillemain-Collection-2.jpg","datePublished":"2024-08-28T14:29:09+00:00","dateModified":"2025-03-14T16:47:39+00:00","description":"tabouret CHAMP en fr\u00eane teint\u00e9 ou ch\u00eane naturel, possibilit\u00e9 de sur-mesure, d\u00e9lais de fabrication 6 semaines, collection Alexandre Guillemain","breadcrumb":{"@id":"https:\/\/alexandreguillemain.com\/en\/product\/tabouret-champ-alexandre-guillemain-frene-chene\/#breadcrumb"},"inLanguage":"en-US","potentialAction":[{"@type":"ReadAction","target":["https:\/\/alexandreguillemain.com\/en\/product\/tabouret-champ-alexandre-guillemain-frene-chene\/"]}]},{"@type":"ImageObject","inLanguage":"en-US","@id":"https:\/\/alexandreguillemain.com\/en\/product\/tabouret-champ-alexandre-guillemain-frene-chene\/#primaryimage","url":"https:\/\/alexandreguillemain.com\/wp-content\/uploads\/2024\/08\/tabouret-CHAMP-alexandre-Guillemain-Collection-2.jpg","contentUrl":"https:\/\/alexandreguillemain.com\/wp-content\/uploads\/2024\/08\/tabouret-CHAMP-alexandre-Guillemain-Collection-2.jpg","width":1333,"height":2000},{"@type":"BreadcrumbList","@id":"https:\/\/alexandreguillemain.com\/en\/product\/tabouret-champ-alexandre-guillemain-frene-chene\/#breadcrumb","itemListElement":[{"@type":"ListItem","position":1,"name":"Accueil","item":"https:\/\/alexandreguillemain.com\/en\/"},{"@type":"ListItem","position":2,"name":"Design","item":"https:\/\/alexandreguillemain.com\/en\/design\/"},{"@type":"ListItem","position":3,"name":"Tabouret CHAMP"}]},{"@type":"WebSite","@id":"https:\/\/alexandreguillemain.com\/en\/#website","url":"https:\/\/alexandreguillemain.com\/en\/","name":"Galerie Alexandre Guillemain","description":"","publisher":{"@id":"https:\/\/alexandreguillemain.com\/en\/#organization"},"potentialAction":[{"@type":"SearchAction","target":{"@type":"EntryPoint","urlTemplate":"https:\/\/alexandreguillemain.com\/en\/?s={search_term_string}"},"query-input":{"@type":"PropertyValueSpecification","valueRequired":true,"valueName":"search_term_string"}}],"inLanguage":"en-US"},{"@type":"Organization","@id":"https:\/\/alexandreguillemain.com\/en\/#organization","name":"Galerie Alexandre Guillemain","url":"https:\/\/alexandreguillemain.com\/en\/","logo":{"@type":"ImageObject","inLanguage":"en-US","@id":"https:\/\/alexandreguillemain.com\/en\/#\/schema\/logo\/image\/","url":"https:\/\/alexandreguillemain.com\/wp-content\/uploads\/Alexandre_Guillemain-Logo_gallerie.svg","contentUrl":"https:\/\/alexandreguillemain.com\/wp-content\/uploads\/Alexandre_Guillemain-Logo_gallerie.svg","width":63,"height":76,"caption":"Galerie Alexandre Guillemain"},"image":{"@id":"https:\/\/alexandreguillemain.com\/en\/#\/schema\/logo\/image\/"}}]}},"_links":{"self":[{"href":"https:\/\/alexandreguillemain.com\/en\/wp-json\/wp\/v2\/product\/28989","targetHints":{"allow":["GET"]}}],"collection":[{"href":"https:\/\/alexandreguillemain.com\/en\/wp-json\/wp\/v2\/product"}],"about":[{"href":"https:\/\/alexandreguillemain.com\/en\/wp-json\/wp\/v2\/types\/product"}],"replies":[{"embeddable":true,"href":"https:\/\/alexandreguillemain.com\/en\/wp-json\/wp\/v2\/comments?post=28989"}],"wp:featuredmedia":[{"embeddable":true,"href":"https:\/\/alexandreguillemain.com\/en\/wp-json\/wp\/v2\/media\/29015"}],"wp:attachment":[{"href":"https:\/\/alexandreguillemain.com\/en\/wp-json\/wp\/v2\/media?parent=28989"}],"wp:term":[{"taxonomy":"product_brand","embeddable":true,"href":"https:\/\/alexandreguillemain.com\/en\/wp-json\/wp\/v2\/product_brand?post=28989"},{"taxonomy":"product_cat","embeddable":true,"href":"https:\/\/alexandreguillemain.com\/en\/wp-json\/wp\/v2\/product_cat?post=28989"},{"taxonomy":"product_tag","embeddable":true,"href":"https:\/\/alexandreguillemain.com\/en\/wp-json\/wp\/v2\/product_tag?post=28989"}],"curies":[{"name":"wp","href":"https:\/\/api.w.org\/{rel}","templated":true}]}}