{"id":30596,"date":"2025-08-22T09:59:55","date_gmt":"2025-08-22T07:59:55","guid":{"rendered":"https:\/\/alexandreguillemain.com\/?post_type=product&#038;p=30596"},"modified":"2025-08-22T10:09:30","modified_gmt":"2025-08-22T08:09:30","slug":"table-dappoint-champ-collection-alexandre-guillemain","status":"publish","type":"product","link":"https:\/\/alexandreguillemain.com\/en\/product\/table-dappoint-champ-collection-alexandre-guillemain\/","title":{"rendered":"Table d&#8217;appoint CHAMP"},"content":{"rendered":"<p>Table d&#8217;appoint en fr\u00eane massif teint\u00e9 et verni ou en ch\u00eane naturel verni avec plateau en marbre.<\/p>\n<p>Dimensions: H.40 cm x Diam. 38 cm<br \/>\nExiste en 3 finitions : teint\u00e9 noir, weng\u00e9 ou ch\u00eane naturel.<br \/>\nPossibilit\u00e9 de sur mesure \u00e0 la demande<\/p>\n<p>D\u00e9lai de fabrication : 6 \u00e0 12 semaines en fonction du marbre s\u00e9lectionn\u00e9.<\/p>\n","protected":false},"excerpt":{"rendered":"<p>Table d&#8217;appoint en fr\u00eane massif teint\u00e9 et verni ou en ch\u00eane naturel verni avec plateau en marbre. Dimensions: H.40 cm x Diam. 38 cm Existe en 3 finitions : teint\u00e9 noir, weng\u00e9 ou ch\u00eane naturel. Possibilit\u00e9 de sur mesure \u00e0 la demande D\u00e9lai de fabrication : 6 \u00e0 12 semaines en fonction du marbre s\u00e9lectionn\u00e9.<\/p>\n","protected":false},"featured_media":30603,"comment_status":"closed","ping_status":"closed","template":"","meta":[],"product_brand":[],"product_cat":[472],"product_tag":[],"class_list":{"0":"post-30596","1":"product","2":"type-product","3":"status-publish","4":"has-post-thumbnail","6":"product_cat-non-classe","8":"first","9":"instock","10":"taxable","11":"shipping-taxable","12":"purchasable","13":"product-type-simple"},"yoast_head":"<!-- This site is optimized with the Yoast SEO plugin v27.3 - https:\/\/yoast.com\/product\/yoast-seo-wordpress\/ -->\n<title>Table d&#039;appoint CHAMP - Alexandre Guillemain<\/title>\n<meta name=\"description\" content=\"Table d&#039;appoint r\u00e9alis\u00e9e en fr\u00eane teint\u00e9 noir ou weng\u00e9, ou en ch\u00eane massif avec plateau en marbre\" \/>\n<meta name=\"robots\" content=\"index, follow, max-snippet:-1, max-image-preview:large, max-video-preview:-1\" \/>\n<link rel=\"canonical\" href=\"https:\/\/alexandreguillemain.com\/en\/product\/table-dappoint-champ-collection-alexandre-guillemain\/\" \/>\n<meta property=\"og:locale\" content=\"en_US\" \/>\n<meta property=\"og:type\" content=\"article\" \/>\n<meta property=\"og:title\" content=\"Table d&#039;appoint CHAMP - Alexandre Guillemain\" \/>\n<meta property=\"og:description\" content=\"Table d&#039;appoint r\u00e9alis\u00e9e en fr\u00eane teint\u00e9 noir ou weng\u00e9, ou en ch\u00eane massif avec plateau en marbre\" \/>\n<meta property=\"og:url\" content=\"https:\/\/alexandreguillemain.com\/en\/product\/table-dappoint-champ-collection-alexandre-guillemain\/\" \/>\n<meta property=\"og:site_name\" content=\"Alexandre Guillemain\" \/>\n<meta property=\"article:modified_time\" content=\"2025-08-22T08:09:30+00:00\" \/>\n<meta property=\"og:image\" content=\"https:\/\/alexandreguillemain.com\/wp-content\/uploads\/2025\/08\/bout-de-canape-champ-frene-noir-et-marbre-collection-alexandre-guillemain-1.jpg\" \/>\n\t<meta property=\"og:image:width\" content=\"1500\" \/>\n\t<meta property=\"og:image:height\" content=\"2000\" \/>\n\t<meta property=\"og:image:type\" content=\"image\/jpeg\" \/>\n<meta name=\"twitter:card\" content=\"summary_large_image\" \/>\n<meta name=\"twitter:label1\" content=\"Est. reading time\" \/>\n\t<meta name=\"twitter:data1\" content=\"1 minute\" \/>\n<script type=\"application\/ld+json\" class=\"yoast-schema-graph\">{\"@context\":\"https:\\\/\\\/schema.org\",\"@graph\":[{\"@type\":\"WebPage\",\"@id\":\"https:\\\/\\\/alexandreguillemain.com\\\/en\\\/product\\\/table-dappoint-champ-collection-alexandre-guillemain\\\/\",\"url\":\"https:\\\/\\\/alexandreguillemain.com\\\/en\\\/product\\\/table-dappoint-champ-collection-alexandre-guillemain\\\/\",\"name\":\"Table d'appoint CHAMP - Alexandre Guillemain\",\"isPartOf\":{\"@id\":\"https:\\\/\\\/alexandreguillemain.com\\\/en\\\/#website\"},\"primaryImageOfPage\":{\"@id\":\"https:\\\/\\\/alexandreguillemain.com\\\/en\\\/product\\\/table-dappoint-champ-collection-alexandre-guillemain\\\/#primaryimage\"},\"image\":{\"@id\":\"https:\\\/\\\/alexandreguillemain.com\\\/en\\\/product\\\/table-dappoint-champ-collection-alexandre-guillemain\\\/#primaryimage\"},\"thumbnailUrl\":\"https:\\\/\\\/alexandreguillemain.com\\\/wp-content\\\/uploads\\\/2025\\\/08\\\/bout-de-canape-champ-frene-noir-et-marbre-collection-alexandre-guillemain-1.jpg\",\"datePublished\":\"2025-08-22T07:59:55+00:00\",\"dateModified\":\"2025-08-22T08:09:30+00:00\",\"description\":\"Table d'appoint r\u00e9alis\u00e9e en fr\u00eane teint\u00e9 noir ou weng\u00e9, ou en ch\u00eane massif avec plateau en marbre\",\"breadcrumb\":{\"@id\":\"https:\\\/\\\/alexandreguillemain.com\\\/en\\\/product\\\/table-dappoint-champ-collection-alexandre-guillemain\\\/#breadcrumb\"},\"inLanguage\":\"en-US\",\"potentialAction\":[{\"@type\":\"ReadAction\",\"target\":[\"https:\\\/\\\/alexandreguillemain.com\\\/en\\\/product\\\/table-dappoint-champ-collection-alexandre-guillemain\\\/\"]}]},{\"@type\":\"ImageObject\",\"inLanguage\":\"en-US\",\"@id\":\"https:\\\/\\\/alexandreguillemain.com\\\/en\\\/product\\\/table-dappoint-champ-collection-alexandre-guillemain\\\/#primaryimage\",\"url\":\"https:\\\/\\\/alexandreguillemain.com\\\/wp-content\\\/uploads\\\/2025\\\/08\\\/bout-de-canape-champ-frene-noir-et-marbre-collection-alexandre-guillemain-1.jpg\",\"contentUrl\":\"https:\\\/\\\/alexandreguillemain.com\\\/wp-content\\\/uploads\\\/2025\\\/08\\\/bout-de-canape-champ-frene-noir-et-marbre-collection-alexandre-guillemain-1.jpg\",\"width\":1500,\"height\":2000},{\"@type\":\"BreadcrumbList\",\"@id\":\"https:\\\/\\\/alexandreguillemain.com\\\/en\\\/product\\\/table-dappoint-champ-collection-alexandre-guillemain\\\/#breadcrumb\",\"itemListElement\":[{\"@type\":\"ListItem\",\"position\":1,\"name\":\"Accueil\",\"item\":\"https:\\\/\\\/alexandreguillemain.com\\\/en\\\/\"},{\"@type\":\"ListItem\",\"position\":2,\"name\":\"Design\",\"item\":\"https:\\\/\\\/alexandreguillemain.com\\\/en\\\/design\\\/\"},{\"@type\":\"ListItem\",\"position\":3,\"name\":\"Table d&rsquo;appoint CHAMP\"}]},{\"@type\":\"WebSite\",\"@id\":\"https:\\\/\\\/alexandreguillemain.com\\\/en\\\/#website\",\"url\":\"https:\\\/\\\/alexandreguillemain.com\\\/en\\\/\",\"name\":\"Galerie Alexandre Guillemain\",\"description\":\"\",\"publisher\":{\"@id\":\"https:\\\/\\\/alexandreguillemain.com\\\/en\\\/#organization\"},\"potentialAction\":[{\"@type\":\"SearchAction\",\"target\":{\"@type\":\"EntryPoint\",\"urlTemplate\":\"https:\\\/\\\/alexandreguillemain.com\\\/en\\\/?s={search_term_string}\"},\"query-input\":{\"@type\":\"PropertyValueSpecification\",\"valueRequired\":true,\"valueName\":\"search_term_string\"}}],\"inLanguage\":\"en-US\"},{\"@type\":\"Organization\",\"@id\":\"https:\\\/\\\/alexandreguillemain.com\\\/en\\\/#organization\",\"name\":\"Galerie Alexandre Guillemain\",\"url\":\"https:\\\/\\\/alexandreguillemain.com\\\/en\\\/\",\"logo\":{\"@type\":\"ImageObject\",\"inLanguage\":\"en-US\",\"@id\":\"https:\\\/\\\/alexandreguillemain.com\\\/en\\\/#\\\/schema\\\/logo\\\/image\\\/\",\"url\":\"https:\\\/\\\/alexandreguillemain.com\\\/wp-content\\\/uploads\\\/Alexandre_Guillemain-Logo_gallerie.svg\",\"contentUrl\":\"https:\\\/\\\/alexandreguillemain.com\\\/wp-content\\\/uploads\\\/Alexandre_Guillemain-Logo_gallerie.svg\",\"width\":63,\"height\":76,\"caption\":\"Galerie Alexandre Guillemain\"},\"image\":{\"@id\":\"https:\\\/\\\/alexandreguillemain.com\\\/en\\\/#\\\/schema\\\/logo\\\/image\\\/\"}}]}<\/script>\n<!-- \/ Yoast SEO plugin. -->","yoast_head_json":{"title":"Table d'appoint CHAMP - Alexandre Guillemain","description":"Table d'appoint r\u00e9alis\u00e9e en fr\u00eane teint\u00e9 noir ou weng\u00e9, ou en ch\u00eane massif avec plateau en marbre","robots":{"index":"index","follow":"follow","max-snippet":"max-snippet:-1","max-image-preview":"max-image-preview:large","max-video-preview":"max-video-preview:-1"},"canonical":"https:\/\/alexandreguillemain.com\/en\/product\/table-dappoint-champ-collection-alexandre-guillemain\/","og_locale":"en_US","og_type":"article","og_title":"Table d'appoint CHAMP - Alexandre Guillemain","og_description":"Table d'appoint r\u00e9alis\u00e9e en fr\u00eane teint\u00e9 noir ou weng\u00e9, ou en ch\u00eane massif avec plateau en marbre","og_url":"https:\/\/alexandreguillemain.com\/en\/product\/table-dappoint-champ-collection-alexandre-guillemain\/","og_site_name":"Alexandre Guillemain","article_modified_time":"2025-08-22T08:09:30+00:00","og_image":[{"width":1500,"height":2000,"url":"https:\/\/alexandreguillemain.com\/wp-content\/uploads\/2025\/08\/bout-de-canape-champ-frene-noir-et-marbre-collection-alexandre-guillemain-1.jpg","type":"image\/jpeg"}],"twitter_card":"summary_large_image","twitter_misc":{"Est. reading time":"1 minute"},"schema":{"@context":"https:\/\/schema.org","@graph":[{"@type":"WebPage","@id":"https:\/\/alexandreguillemain.com\/en\/product\/table-dappoint-champ-collection-alexandre-guillemain\/","url":"https:\/\/alexandreguillemain.com\/en\/product\/table-dappoint-champ-collection-alexandre-guillemain\/","name":"Table d'appoint CHAMP - Alexandre Guillemain","isPartOf":{"@id":"https:\/\/alexandreguillemain.com\/en\/#website"},"primaryImageOfPage":{"@id":"https:\/\/alexandreguillemain.com\/en\/product\/table-dappoint-champ-collection-alexandre-guillemain\/#primaryimage"},"image":{"@id":"https:\/\/alexandreguillemain.com\/en\/product\/table-dappoint-champ-collection-alexandre-guillemain\/#primaryimage"},"thumbnailUrl":"https:\/\/alexandreguillemain.com\/wp-content\/uploads\/2025\/08\/bout-de-canape-champ-frene-noir-et-marbre-collection-alexandre-guillemain-1.jpg","datePublished":"2025-08-22T07:59:55+00:00","dateModified":"2025-08-22T08:09:30+00:00","description":"Table d'appoint r\u00e9alis\u00e9e en fr\u00eane teint\u00e9 noir ou weng\u00e9, ou en ch\u00eane massif avec plateau en marbre","breadcrumb":{"@id":"https:\/\/alexandreguillemain.com\/en\/product\/table-dappoint-champ-collection-alexandre-guillemain\/#breadcrumb"},"inLanguage":"en-US","potentialAction":[{"@type":"ReadAction","target":["https:\/\/alexandreguillemain.com\/en\/product\/table-dappoint-champ-collection-alexandre-guillemain\/"]}]},{"@type":"ImageObject","inLanguage":"en-US","@id":"https:\/\/alexandreguillemain.com\/en\/product\/table-dappoint-champ-collection-alexandre-guillemain\/#primaryimage","url":"https:\/\/alexandreguillemain.com\/wp-content\/uploads\/2025\/08\/bout-de-canape-champ-frene-noir-et-marbre-collection-alexandre-guillemain-1.jpg","contentUrl":"https:\/\/alexandreguillemain.com\/wp-content\/uploads\/2025\/08\/bout-de-canape-champ-frene-noir-et-marbre-collection-alexandre-guillemain-1.jpg","width":1500,"height":2000},{"@type":"BreadcrumbList","@id":"https:\/\/alexandreguillemain.com\/en\/product\/table-dappoint-champ-collection-alexandre-guillemain\/#breadcrumb","itemListElement":[{"@type":"ListItem","position":1,"name":"Accueil","item":"https:\/\/alexandreguillemain.com\/en\/"},{"@type":"ListItem","position":2,"name":"Design","item":"https:\/\/alexandreguillemain.com\/en\/design\/"},{"@type":"ListItem","position":3,"name":"Table d&rsquo;appoint CHAMP"}]},{"@type":"WebSite","@id":"https:\/\/alexandreguillemain.com\/en\/#website","url":"https:\/\/alexandreguillemain.com\/en\/","name":"Galerie Alexandre Guillemain","description":"","publisher":{"@id":"https:\/\/alexandreguillemain.com\/en\/#organization"},"potentialAction":[{"@type":"SearchAction","target":{"@type":"EntryPoint","urlTemplate":"https:\/\/alexandreguillemain.com\/en\/?s={search_term_string}"},"query-input":{"@type":"PropertyValueSpecification","valueRequired":true,"valueName":"search_term_string"}}],"inLanguage":"en-US"},{"@type":"Organization","@id":"https:\/\/alexandreguillemain.com\/en\/#organization","name":"Galerie Alexandre Guillemain","url":"https:\/\/alexandreguillemain.com\/en\/","logo":{"@type":"ImageObject","inLanguage":"en-US","@id":"https:\/\/alexandreguillemain.com\/en\/#\/schema\/logo\/image\/","url":"https:\/\/alexandreguillemain.com\/wp-content\/uploads\/Alexandre_Guillemain-Logo_gallerie.svg","contentUrl":"https:\/\/alexandreguillemain.com\/wp-content\/uploads\/Alexandre_Guillemain-Logo_gallerie.svg","width":63,"height":76,"caption":"Galerie Alexandre Guillemain"},"image":{"@id":"https:\/\/alexandreguillemain.com\/en\/#\/schema\/logo\/image\/"}}]}},"_links":{"self":[{"href":"https:\/\/alexandreguillemain.com\/en\/wp-json\/wp\/v2\/product\/30596","targetHints":{"allow":["GET"]}}],"collection":[{"href":"https:\/\/alexandreguillemain.com\/en\/wp-json\/wp\/v2\/product"}],"about":[{"href":"https:\/\/alexandreguillemain.com\/en\/wp-json\/wp\/v2\/types\/product"}],"replies":[{"embeddable":true,"href":"https:\/\/alexandreguillemain.com\/en\/wp-json\/wp\/v2\/comments?post=30596"}],"wp:featuredmedia":[{"embeddable":true,"href":"https:\/\/alexandreguillemain.com\/en\/wp-json\/wp\/v2\/media\/30603"}],"wp:attachment":[{"href":"https:\/\/alexandreguillemain.com\/en\/wp-json\/wp\/v2\/media?parent=30596"}],"wp:term":[{"taxonomy":"product_brand","embeddable":true,"href":"https:\/\/alexandreguillemain.com\/en\/wp-json\/wp\/v2\/product_brand?post=30596"},{"taxonomy":"product_cat","embeddable":true,"href":"https:\/\/alexandreguillemain.com\/en\/wp-json\/wp\/v2\/product_cat?post=30596"},{"taxonomy":"product_tag","embeddable":true,"href":"https:\/\/alexandreguillemain.com\/en\/wp-json\/wp\/v2\/product_tag?post=30596"}],"curies":[{"name":"wp","href":"https:\/\/api.w.org\/{rel}","templated":true}]}}